{"id":227,"date":"2024-07-14T23:05:54","date_gmt":"2024-07-14T23:05:54","guid":{"rendered":"https:\/\/sw-gravurwerkstatt.de\/?page_id=227"},"modified":"2024-07-19T20:31:21","modified_gmt":"2024-07-19T20:31:21","slug":"lasergravuren-2","status":"publish","type":"page","link":"https:\/\/sw-gravurwerkstatt.de\/?page_id=227","title":{"rendered":"Lasergravuren"},"content":{"rendered":"\n<p>f\u00fcr weitere Lasergravuren w\u00e4hlen Sie bitte im Men\u00fc den jeweiligen Unterpunkt aus.<\/p>\n\n\n\n<figure class=\"wp-block-gallery has-nested-images columns-default is-cropped wp-block-gallery-1 is-layout-flex wp-block-gallery-is-layout-flex\">\n<figure class=\"wp-block-image size-large\"><img loading=\"lazy\" decoding=\"async\" width=\"1024\" height=\"768\" data-id=\"62\" src=\"https:\/\/sw-gravurwerkstatt.de\/wp-content\/uploads\/2024\/06\/IMG_20240524_165956-1024x768.jpg\" alt=\"\" class=\"wp-image-62\" srcset=\"https:\/\/sw-gravurwerkstatt.de\/wp-content\/uploads\/2024\/06\/IMG_20240524_165956-1024x768.jpg 1024w, https:\/\/sw-gravurwerkstatt.de\/wp-content\/uploads\/2024\/06\/IMG_20240524_165956-scaled-600x450.jpg 600w, https:\/\/sw-gravurwerkstatt.de\/wp-content\/uploads\/2024\/06\/IMG_20240524_165956-300x225.jpg 300w, https:\/\/sw-gravurwerkstatt.de\/wp-content\/uploads\/2024\/06\/IMG_20240524_165956-768x576.jpg 768w, https:\/\/sw-gravurwerkstatt.de\/wp-content\/uploads\/2024\/06\/IMG_20240524_165956-1536x1152.jpg 1536w, https:\/\/sw-gravurwerkstatt.de\/wp-content\/uploads\/2024\/06\/IMG_20240524_165956-2048x1536.jpg 2048w\" sizes=\"(max-width: 1024px) 100vw, 1024px\" \/><\/figure>\n\n\n\n<figure class=\"wp-block-image size-large\"><img loading=\"lazy\" decoding=\"async\" width=\"1024\" height=\"355\" data-id=\"194\" src=\"https:\/\/sw-gravurwerkstatt.de\/wp-content\/uploads\/2024\/07\/Fliesen_Happy_Wife-1024x355.jpg\" alt=\"\" class=\"wp-image-194\" srcset=\"https:\/\/sw-gravurwerkstatt.de\/wp-content\/uploads\/2024\/07\/Fliesen_Happy_Wife-1024x355.jpg 1024w, https:\/\/sw-gravurwerkstatt.de\/wp-content\/uploads\/2024\/07\/Fliesen_Happy_Wife-300x104.jpg 300w, https:\/\/sw-gravurwerkstatt.de\/wp-content\/uploads\/2024\/07\/Fliesen_Happy_Wife-768x267.jpg 768w, https:\/\/sw-gravurwerkstatt.de\/wp-content\/uploads\/2024\/07\/Fliesen_Happy_Wife-1536x533.jpg 1536w, https:\/\/sw-gravurwerkstatt.de\/wp-content\/uploads\/2024\/07\/Fliesen_Happy_Wife-600x208.jpg 600w, https:\/\/sw-gravurwerkstatt.de\/wp-content\/uploads\/2024\/07\/Fliesen_Happy_Wife.jpg 1599w\" sizes=\"(max-width: 1024px) 100vw, 1024px\" \/><\/figure>\n\n\n\n<figure class=\"wp-block-image size-large\"><img loading=\"lazy\" decoding=\"async\" width=\"1014\" height=\"1024\" data-id=\"192\" src=\"https:\/\/sw-gravurwerkstatt.de\/wp-content\/uploads\/2024\/07\/LED-Acryl_endlich-18-1014x1024.jpg\" alt=\"\" class=\"wp-image-192\" srcset=\"https:\/\/sw-gravurwerkstatt.de\/wp-content\/uploads\/2024\/07\/LED-Acryl_endlich-18-1014x1024.jpg 1014w, https:\/\/sw-gravurwerkstatt.de\/wp-content\/uploads\/2024\/07\/LED-Acryl_endlich-18-297x300.jpg 297w, https:\/\/sw-gravurwerkstatt.de\/wp-content\/uploads\/2024\/07\/LED-Acryl_endlich-18-150x150.jpg 150w, https:\/\/sw-gravurwerkstatt.de\/wp-content\/uploads\/2024\/07\/LED-Acryl_endlich-18-768x775.jpg 768w, https:\/\/sw-gravurwerkstatt.de\/wp-content\/uploads\/2024\/07\/LED-Acryl_endlich-18-600x606.jpg 600w, https:\/\/sw-gravurwerkstatt.de\/wp-content\/uploads\/2024\/07\/LED-Acryl_endlich-18-100x100.jpg 100w, https:\/\/sw-gravurwerkstatt.de\/wp-content\/uploads\/2024\/07\/LED-Acryl_endlich-18.jpg 1441w\" sizes=\"(max-width: 1014px) 100vw, 1014px\" \/><\/figure>\n\n\n\n<figure class=\"wp-block-image size-large\"><img loading=\"lazy\" decoding=\"async\" width=\"1024\" height=\"768\" data-id=\"96\" src=\"https:\/\/sw-gravurwerkstatt.de\/wp-content\/uploads\/2024\/06\/1718743922677-1024x768.jpg\" alt=\"\" class=\"wp-image-96\" srcset=\"https:\/\/sw-gravurwerkstatt.de\/wp-content\/uploads\/2024\/06\/1718743922677-1024x768.jpg 1024w, https:\/\/sw-gravurwerkstatt.de\/wp-content\/uploads\/2024\/06\/1718743922677-600x450.jpg 600w, https:\/\/sw-gravurwerkstatt.de\/wp-content\/uploads\/2024\/06\/1718743922677-300x225.jpg 300w, https:\/\/sw-gravurwerkstatt.de\/wp-content\/uploads\/2024\/06\/1718743922677-768x576.jpg 768w, https:\/\/sw-gravurwerkstatt.de\/wp-content\/uploads\/2024\/06\/1718743922677.jpg 1080w\" sizes=\"(max-width: 1024px) 100vw, 1024px\" \/><\/figure>\n\n\n\n<figure class=\"wp-block-image size-large\"><img loading=\"lazy\" decoding=\"async\" width=\"1019\" height=\"1024\" data-id=\"93\" src=\"https:\/\/sw-gravurwerkstatt.de\/wp-content\/uploads\/2024\/06\/1718743922740-1019x1024.jpg\" alt=\"\" class=\"wp-image-93\" srcset=\"https:\/\/sw-gravurwerkstatt.de\/wp-content\/uploads\/2024\/06\/1718743922740-1019x1024.jpg 1019w, https:\/\/sw-gravurwerkstatt.de\/wp-content\/uploads\/2024\/06\/1718743922740-300x300.jpg 300w, https:\/\/sw-gravurwerkstatt.de\/wp-content\/uploads\/2024\/06\/1718743922740-scaled-100x100.jpg 100w, https:\/\/sw-gravurwerkstatt.de\/wp-content\/uploads\/2024\/06\/1718743922740-scaled-600x603.jpg 600w, https:\/\/sw-gravurwerkstatt.de\/wp-content\/uploads\/2024\/06\/1718743922740-150x150.jpg 150w, https:\/\/sw-gravurwerkstatt.de\/wp-content\/uploads\/2024\/06\/1718743922740-768x772.jpg 768w, https:\/\/sw-gravurwerkstatt.de\/wp-content\/uploads\/2024\/06\/1718743922740-1529x1536.jpg 1529w, https:\/\/sw-gravurwerkstatt.de\/wp-content\/uploads\/2024\/06\/1718743922740-2038x2048.jpg 2038w\" sizes=\"(max-width: 1019px) 100vw, 1019px\" \/><\/figure>\n\n\n\n<figure class=\"wp-block-image size-large\"><img loading=\"lazy\" decoding=\"async\" width=\"960\" height=\"564\" data-id=\"68\" src=\"https:\/\/sw-gravurwerkstatt.de\/wp-content\/uploads\/2024\/06\/FB_IMG_1718218811684.jpg\" alt=\"\" class=\"wp-image-68\" srcset=\"https:\/\/sw-gravurwerkstatt.de\/wp-content\/uploads\/2024\/06\/FB_IMG_1718218811684.jpg 960w, https:\/\/sw-gravurwerkstatt.de\/wp-content\/uploads\/2024\/06\/FB_IMG_1718218811684-600x353.jpg 600w, https:\/\/sw-gravurwerkstatt.de\/wp-content\/uploads\/2024\/06\/FB_IMG_1718218811684-300x176.jpg 300w, https:\/\/sw-gravurwerkstatt.de\/wp-content\/uploads\/2024\/06\/FB_IMG_1718218811684-768x451.jpg 768w\" sizes=\"(max-width: 960px) 100vw, 960px\" \/><\/figure>\n\n\n\n<figure class=\"wp-block-image size-large\"><img loading=\"lazy\" decoding=\"async\" width=\"688\" height=\"960\" data-id=\"69\" src=\"https:\/\/sw-gravurwerkstatt.de\/wp-content\/uploads\/2024\/06\/FB_IMG_1718218814803.jpg\" alt=\"\" class=\"wp-image-69\" srcset=\"https:\/\/sw-gravurwerkstatt.de\/wp-content\/uploads\/2024\/06\/FB_IMG_1718218814803.jpg 688w, https:\/\/sw-gravurwerkstatt.de\/wp-content\/uploads\/2024\/06\/FB_IMG_1718218814803-600x837.jpg 600w, https:\/\/sw-gravurwerkstatt.de\/wp-content\/uploads\/2024\/06\/FB_IMG_1718218814803-215x300.jpg 215w\" sizes=\"(max-width: 688px) 100vw, 688px\" \/><\/figure>\n\n\n\n<figure class=\"wp-block-image size-large\"><img loading=\"lazy\" decoding=\"async\" width=\"576\" height=\"1024\" data-id=\"61\" src=\"https:\/\/sw-gravurwerkstatt.de\/wp-content\/uploads\/2024\/06\/IMG-20240524-WA0029-576x1024.jpeg\" alt=\"\" class=\"wp-image-61\"\/><\/figure>\n<\/figure>\n","protected":false},"excerpt":{"rendered":"<p>f\u00fcr weitere Lasergravuren w\u00e4hlen Sie bitte im Men\u00fc den jeweiligen Unterpunkt aus.<\/p>\n","protected":false},"author":1,"featured_media":0,"parent":0,"menu_order":0,"comment_status":"closed","ping_status":"closed","template":"","meta":{"footnotes":""},"class_list":["post-227","page","type-page","status-publish","hentry"],"yoast_head":"<!-- This site is optimized with the Yoast SEO plugin v25.6 - https:\/\/yoast.com\/wordpress\/plugins\/seo\/ -->\n<title>Lasergravuren - individuelle Gravurarbeiten - Wettringen NRW<\/title>\n<meta name=\"robots\" content=\"index, follow, max-snippet:-1, max-image-preview:large, max-video-preview:-1\" \/>\n<link rel=\"canonical\" href=\"https:\/\/sw-gravurwerkstatt.de\/?page_id=227\" \/>\n<meta property=\"og:locale\" content=\"de_DE\" \/>\n<meta property=\"og:type\" content=\"article\" \/>\n<meta property=\"og:title\" content=\"Lasergravuren - individuelle Gravurarbeiten - Wettringen NRW\" \/>\n<meta property=\"og:description\" content=\"f\u00fcr weitere Lasergravuren w\u00e4hlen Sie bitte im Men\u00fc den jeweiligen Unterpunkt aus.\" \/>\n<meta property=\"og:url\" content=\"https:\/\/sw-gravurwerkstatt.de\/?page_id=227\" \/>\n<meta property=\"og:site_name\" content=\"individuelle Gravurarbeiten - Wettringen NRW\" \/>\n<meta property=\"article:modified_time\" content=\"2024-07-19T20:31:21+00:00\" \/>\n<meta property=\"og:image\" content=\"https:\/\/sw-gravurwerkstatt.de\/wp-content\/uploads\/2024\/06\/IMG_20240524_165956-1024x768.jpg\" \/>\n<meta name=\"twitter:card\" content=\"summary_large_image\" \/>\n<script type=\"application\/ld+json\" class=\"yoast-schema-graph\">{\"@context\":\"https:\/\/schema.org\",\"@graph\":[{\"@type\":\"WebPage\",\"@id\":\"https:\/\/sw-gravurwerkstatt.de\/?page_id=227\",\"url\":\"https:\/\/sw-gravurwerkstatt.de\/?page_id=227\",\"name\":\"Lasergravuren - individuelle Gravurarbeiten - Wettringen NRW\",\"isPartOf\":{\"@id\":\"https:\/\/sw-gravurwerkstatt.de\/#website\"},\"primaryImageOfPage\":{\"@id\":\"https:\/\/sw-gravurwerkstatt.de\/?page_id=227#primaryimage\"},\"image\":{\"@id\":\"https:\/\/sw-gravurwerkstatt.de\/?page_id=227#primaryimage\"},\"thumbnailUrl\":\"https:\/\/sw-gravurwerkstatt.de\/wp-content\/uploads\/2024\/06\/IMG_20240524_165956-1024x768.jpg\",\"datePublished\":\"2024-07-14T23:05:54+00:00\",\"dateModified\":\"2024-07-19T20:31:21+00:00\",\"breadcrumb\":{\"@id\":\"https:\/\/sw-gravurwerkstatt.de\/?page_id=227#breadcrumb\"},\"inLanguage\":\"de-DE\",\"potentialAction\":[{\"@type\":\"ReadAction\",\"target\":[\"https:\/\/sw-gravurwerkstatt.de\/?page_id=227\"]}]},{\"@type\":\"ImageObject\",\"inLanguage\":\"de-DE\",\"@id\":\"https:\/\/sw-gravurwerkstatt.de\/?page_id=227#primaryimage\",\"url\":\"https:\/\/sw-gravurwerkstatt.de\/wp-content\/uploads\/2024\/06\/IMG_20240524_165956-scaled.jpg\",\"contentUrl\":\"https:\/\/sw-gravurwerkstatt.de\/wp-content\/uploads\/2024\/06\/IMG_20240524_165956-scaled.jpg\",\"width\":2560,\"height\":1920},{\"@type\":\"BreadcrumbList\",\"@id\":\"https:\/\/sw-gravurwerkstatt.de\/?page_id=227#breadcrumb\",\"itemListElement\":[{\"@type\":\"ListItem\",\"position\":1,\"name\":\"Startseite\",\"item\":\"https:\/\/sw-gravurwerkstatt.de\/\"},{\"@type\":\"ListItem\",\"position\":2,\"name\":\"Lasergravuren\"}]},{\"@type\":\"WebSite\",\"@id\":\"https:\/\/sw-gravurwerkstatt.de\/#website\",\"url\":\"https:\/\/sw-gravurwerkstatt.de\/\",\"name\":\"individuelle Gravurarbeiten - Wettringen NRW\",\"description\":\"hier kann der Untertitel stehen\",\"publisher\":{\"@id\":\"https:\/\/sw-gravurwerkstatt.de\/#organization\"},\"potentialAction\":[{\"@type\":\"SearchAction\",\"target\":{\"@type\":\"EntryPoint\",\"urlTemplate\":\"https:\/\/sw-gravurwerkstatt.de\/?s={search_term_string}\"},\"query-input\":{\"@type\":\"PropertyValueSpecification\",\"valueRequired\":true,\"valueName\":\"search_term_string\"}}],\"inLanguage\":\"de-DE\"},{\"@type\":\"Organization\",\"@id\":\"https:\/\/sw-gravurwerkstatt.de\/#organization\",\"name\":\"individuelle Gravurarbeiten - Wettringen NRW\",\"url\":\"https:\/\/sw-gravurwerkstatt.de\/\",\"logo\":{\"@type\":\"ImageObject\",\"inLanguage\":\"de-DE\",\"@id\":\"https:\/\/sw-gravurwerkstatt.de\/#\/schema\/logo\/image\/\",\"url\":\"https:\/\/sw-gravurwerkstatt.de\/wp-content\/uploads\/2024\/07\/cropped-SW-Gravurwerkstatt_HP-Logo_klein.png\",\"contentUrl\":\"https:\/\/sw-gravurwerkstatt.de\/wp-content\/uploads\/2024\/07\/cropped-SW-Gravurwerkstatt_HP-Logo_klein.png\",\"width\":185,\"height\":70,\"caption\":\"individuelle Gravurarbeiten - Wettringen NRW\"},\"image\":{\"@id\":\"https:\/\/sw-gravurwerkstatt.de\/#\/schema\/logo\/image\/\"}}]}<\/script>\n<!-- \/ Yoast SEO plugin. -->","yoast_head_json":{"title":"Lasergravuren - individuelle Gravurarbeiten - Wettringen NRW","robots":{"index":"index","follow":"follow","max-snippet":"max-snippet:-1","max-image-preview":"max-image-preview:large","max-video-preview":"max-video-preview:-1"},"canonical":"https:\/\/sw-gravurwerkstatt.de\/?page_id=227","og_locale":"de_DE","og_type":"article","og_title":"Lasergravuren - individuelle Gravurarbeiten - Wettringen NRW","og_description":"f\u00fcr weitere Lasergravuren w\u00e4hlen Sie bitte im Men\u00fc den jeweiligen Unterpunkt aus.","og_url":"https:\/\/sw-gravurwerkstatt.de\/?page_id=227","og_site_name":"individuelle Gravurarbeiten - Wettringen NRW","article_modified_time":"2024-07-19T20:31:21+00:00","og_image":[{"url":"https:\/\/sw-gravurwerkstatt.de\/wp-content\/uploads\/2024\/06\/IMG_20240524_165956-1024x768.jpg","type":"","width":"","height":""}],"twitter_card":"summary_large_image","schema":{"@context":"https:\/\/schema.org","@graph":[{"@type":"WebPage","@id":"https:\/\/sw-gravurwerkstatt.de\/?page_id=227","url":"https:\/\/sw-gravurwerkstatt.de\/?page_id=227","name":"Lasergravuren - individuelle Gravurarbeiten - Wettringen NRW","isPartOf":{"@id":"https:\/\/sw-gravurwerkstatt.de\/#website"},"primaryImageOfPage":{"@id":"https:\/\/sw-gravurwerkstatt.de\/?page_id=227#primaryimage"},"image":{"@id":"https:\/\/sw-gravurwerkstatt.de\/?page_id=227#primaryimage"},"thumbnailUrl":"https:\/\/sw-gravurwerkstatt.de\/wp-content\/uploads\/2024\/06\/IMG_20240524_165956-1024x768.jpg","datePublished":"2024-07-14T23:05:54+00:00","dateModified":"2024-07-19T20:31:21+00:00","breadcrumb":{"@id":"https:\/\/sw-gravurwerkstatt.de\/?page_id=227#breadcrumb"},"inLanguage":"de-DE","potentialAction":[{"@type":"ReadAction","target":["https:\/\/sw-gravurwerkstatt.de\/?page_id=227"]}]},{"@type":"ImageObject","inLanguage":"de-DE","@id":"https:\/\/sw-gravurwerkstatt.de\/?page_id=227#primaryimage","url":"https:\/\/sw-gravurwerkstatt.de\/wp-content\/uploads\/2024\/06\/IMG_20240524_165956-scaled.jpg","contentUrl":"https:\/\/sw-gravurwerkstatt.de\/wp-content\/uploads\/2024\/06\/IMG_20240524_165956-scaled.jpg","width":2560,"height":1920},{"@type":"BreadcrumbList","@id":"https:\/\/sw-gravurwerkstatt.de\/?page_id=227#breadcrumb","itemListElement":[{"@type":"ListItem","position":1,"name":"Startseite","item":"https:\/\/sw-gravurwerkstatt.de\/"},{"@type":"ListItem","position":2,"name":"Lasergravuren"}]},{"@type":"WebSite","@id":"https:\/\/sw-gravurwerkstatt.de\/#website","url":"https:\/\/sw-gravurwerkstatt.de\/","name":"individuelle Gravurarbeiten - Wettringen NRW","description":"hier kann der Untertitel stehen","publisher":{"@id":"https:\/\/sw-gravurwerkstatt.de\/#organization"},"potentialAction":[{"@type":"SearchAction","target":{"@type":"EntryPoint","urlTemplate":"https:\/\/sw-gravurwerkstatt.de\/?s={search_term_string}"},"query-input":{"@type":"PropertyValueSpecification","valueRequired":true,"valueName":"search_term_string"}}],"inLanguage":"de-DE"},{"@type":"Organization","@id":"https:\/\/sw-gravurwerkstatt.de\/#organization","name":"individuelle Gravurarbeiten - Wettringen NRW","url":"https:\/\/sw-gravurwerkstatt.de\/","logo":{"@type":"ImageObject","inLanguage":"de-DE","@id":"https:\/\/sw-gravurwerkstatt.de\/#\/schema\/logo\/image\/","url":"https:\/\/sw-gravurwerkstatt.de\/wp-content\/uploads\/2024\/07\/cropped-SW-Gravurwerkstatt_HP-Logo_klein.png","contentUrl":"https:\/\/sw-gravurwerkstatt.de\/wp-content\/uploads\/2024\/07\/cropped-SW-Gravurwerkstatt_HP-Logo_klein.png","width":185,"height":70,"caption":"individuelle Gravurarbeiten - Wettringen NRW"},"image":{"@id":"https:\/\/sw-gravurwerkstatt.de\/#\/schema\/logo\/image\/"}}]}},"_links":{"self":[{"href":"https:\/\/sw-gravurwerkstatt.de\/index.php?rest_route=\/wp\/v2\/pages\/227"}],"collection":[{"href":"https:\/\/sw-gravurwerkstatt.de\/index.php?rest_route=\/wp\/v2\/pages"}],"about":[{"href":"https:\/\/sw-gravurwerkstatt.de\/index.php?rest_route=\/wp\/v2\/types\/page"}],"author":[{"embeddable":true,"href":"https:\/\/sw-gravurwerkstatt.de\/index.php?rest_route=\/wp\/v2\/users\/1"}],"replies":[{"embeddable":true,"href":"https:\/\/sw-gravurwerkstatt.de\/index.php?rest_route=%2Fwp%2Fv2%2Fcomments&post=227"}],"version-history":[{"count":3,"href":"https:\/\/sw-gravurwerkstatt.de\/index.php?rest_route=\/wp\/v2\/pages\/227\/revisions"}],"predecessor-version":[{"id":243,"href":"https:\/\/sw-gravurwerkstatt.de\/index.php?rest_route=\/wp\/v2\/pages\/227\/revisions\/243"}],"wp:attachment":[{"href":"https:\/\/sw-gravurwerkstatt.de\/index.php?rest_route=%2Fwp%2Fv2%2Fmedia&parent=227"}],"curies":[{"name":"wp","href":"https:\/\/api.w.org\/{rel}","templated":true}]}}