{"id":75,"date":"2024-06-18T20:26:41","date_gmt":"2024-06-18T20:26:41","guid":{"rendered":"http:\/\/sw-gravurwerkstatt.de\/?page_id=75"},"modified":"2025-02-12T16:10:03","modified_gmt":"2025-02-12T16:10:03","slug":"lasergravuren-auf-keramik","status":"publish","type":"page","link":"https:\/\/sw-gravurwerkstatt.de\/?page_id=75","title":{"rendered":"sonstige Lasergravuren"},"content":{"rendered":"\n<figure class=\"wp-block-image size-large\"><img loading=\"lazy\" decoding=\"async\" width=\"1024\" height=\"715\" src=\"http:\/\/sw-gravurwerkstatt.de\/wp-content\/uploads\/2024\/06\/1718743922720-scaled-e1718744123388-1024x715.jpg\" alt=\"\" class=\"wp-image-92\" srcset=\"https:\/\/sw-gravurwerkstatt.de\/wp-content\/uploads\/2024\/06\/1718743922720-scaled-e1718744123388-1024x715.jpg 1024w, https:\/\/sw-gravurwerkstatt.de\/wp-content\/uploads\/2024\/06\/1718743922720-scaled-e1718744123388-600x419.jpg 600w, https:\/\/sw-gravurwerkstatt.de\/wp-content\/uploads\/2024\/06\/1718743922720-scaled-e1718744123388-300x209.jpg 300w, https:\/\/sw-gravurwerkstatt.de\/wp-content\/uploads\/2024\/06\/1718743922720-scaled-e1718744123388-768x536.jpg 768w, https:\/\/sw-gravurwerkstatt.de\/wp-content\/uploads\/2024\/06\/1718743922720-scaled-e1718744123388-1536x1072.jpg 1536w, https:\/\/sw-gravurwerkstatt.de\/wp-content\/uploads\/2024\/06\/1718743922720-scaled-e1718744123388-2048x1429.jpg 2048w\" sizes=\"(max-width: 1024px) 100vw, 1024px\" \/><figcaption class=\"wp-element-caption\">200mm-Kunststoffkugel mittels Diodenlaser graviert<\/figcaption><\/figure>\n\n\n\n<figure class=\"wp-block-gallery has-nested-images columns-default is-cropped wp-block-gallery-1 is-layout-flex wp-block-gallery-is-layout-flex\">\n<figure class=\"wp-block-image size-large\"><img loading=\"lazy\" decoding=\"async\" width=\"1024\" height=\"1024\" data-id=\"94\" src=\"https:\/\/sw-gravurwerkstatt.de\/wp-content\/uploads\/2024\/06\/1718743922757-1024x1024.jpg\" alt=\"\" class=\"wp-image-94\" srcset=\"https:\/\/sw-gravurwerkstatt.de\/wp-content\/uploads\/2024\/06\/1718743922757-1024x1024.jpg 1024w, https:\/\/sw-gravurwerkstatt.de\/wp-content\/uploads\/2024\/06\/1718743922757-300x300.jpg 300w, https:\/\/sw-gravurwerkstatt.de\/wp-content\/uploads\/2024\/06\/1718743922757-100x100.jpg 100w, https:\/\/sw-gravurwerkstatt.de\/wp-content\/uploads\/2024\/06\/1718743922757-600x600.jpg 600w, https:\/\/sw-gravurwerkstatt.de\/wp-content\/uploads\/2024\/06\/1718743922757-150x150.jpg 150w, https:\/\/sw-gravurwerkstatt.de\/wp-content\/uploads\/2024\/06\/1718743922757-768x768.jpg 768w, https:\/\/sw-gravurwerkstatt.de\/wp-content\/uploads\/2024\/06\/1718743922757-1536x1536.jpg 1536w, https:\/\/sw-gravurwerkstatt.de\/wp-content\/uploads\/2024\/06\/1718743922757-2048x2048.jpg 2048w\" sizes=\"(max-width: 1024px) 100vw, 1024px\" \/><figcaption class=\"wp-element-caption\"><strong>300x300mm Spiegel mit RGB-LED-Beleuchtung<\/strong><\/figcaption><\/figure>\n\n\n\n<figure class=\"wp-block-image size-large\"><img loading=\"lazy\" decoding=\"async\" width=\"1019\" height=\"1024\" data-id=\"93\" src=\"https:\/\/sw-gravurwerkstatt.de\/wp-content\/uploads\/2024\/06\/1718743922740-1019x1024.jpg\" alt=\"\" class=\"wp-image-93\" srcset=\"https:\/\/sw-gravurwerkstatt.de\/wp-content\/uploads\/2024\/06\/1718743922740-1019x1024.jpg 1019w, https:\/\/sw-gravurwerkstatt.de\/wp-content\/uploads\/2024\/06\/1718743922740-300x300.jpg 300w, https:\/\/sw-gravurwerkstatt.de\/wp-content\/uploads\/2024\/06\/1718743922740-scaled-100x100.jpg 100w, https:\/\/sw-gravurwerkstatt.de\/wp-content\/uploads\/2024\/06\/1718743922740-scaled-600x603.jpg 600w, https:\/\/sw-gravurwerkstatt.de\/wp-content\/uploads\/2024\/06\/1718743922740-150x150.jpg 150w, https:\/\/sw-gravurwerkstatt.de\/wp-content\/uploads\/2024\/06\/1718743922740-768x772.jpg 768w, https:\/\/sw-gravurwerkstatt.de\/wp-content\/uploads\/2024\/06\/1718743922740-1529x1536.jpg 1529w, https:\/\/sw-gravurwerkstatt.de\/wp-content\/uploads\/2024\/06\/1718743922740-2038x2048.jpg 2038w\" sizes=\"(max-width: 1019px) 100vw, 1019px\" \/><figcaption class=\"wp-element-caption\"><strong>300x300mm Spiegel mit RGB-LED-Beleuchtung<\/strong><\/figcaption><\/figure>\n<\/figure>\n\n\n\n<figure class=\"wp-block-gallery has-nested-images columns-4 is-cropped wp-block-gallery-2 is-layout-flex wp-block-gallery-is-layout-flex\">\n<figure class=\"wp-block-image size-large\"><img loading=\"lazy\" decoding=\"async\" width=\"1024\" height=\"768\" data-id=\"96\" src=\"http:\/\/sw-gravurwerkstatt.de\/wp-content\/uploads\/2024\/06\/1718743922677-1024x768.jpg\" alt=\"\" class=\"wp-image-96\" srcset=\"https:\/\/sw-gravurwerkstatt.de\/wp-content\/uploads\/2024\/06\/1718743922677-1024x768.jpg 1024w, https:\/\/sw-gravurwerkstatt.de\/wp-content\/uploads\/2024\/06\/1718743922677-600x450.jpg 600w, https:\/\/sw-gravurwerkstatt.de\/wp-content\/uploads\/2024\/06\/1718743922677-300x225.jpg 300w, https:\/\/sw-gravurwerkstatt.de\/wp-content\/uploads\/2024\/06\/1718743922677-768x576.jpg 768w, https:\/\/sw-gravurwerkstatt.de\/wp-content\/uploads\/2024\/06\/1718743922677.jpg 1080w\" sizes=\"(max-width: 1024px) 100vw, 1024px\" \/><\/figure>\n\n\n\n<figure class=\"wp-block-image size-large\"><img loading=\"lazy\" decoding=\"async\" width=\"1024\" height=\"915\" data-id=\"95\" src=\"http:\/\/sw-gravurwerkstatt.de\/wp-content\/uploads\/2024\/06\/1718743922652-1024x915.jpg\" alt=\"\" class=\"wp-image-95\" srcset=\"https:\/\/sw-gravurwerkstatt.de\/wp-content\/uploads\/2024\/06\/1718743922652-1024x915.jpg 1024w, https:\/\/sw-gravurwerkstatt.de\/wp-content\/uploads\/2024\/06\/1718743922652-600x536.jpg 600w, https:\/\/sw-gravurwerkstatt.de\/wp-content\/uploads\/2024\/06\/1718743922652-300x268.jpg 300w, https:\/\/sw-gravurwerkstatt.de\/wp-content\/uploads\/2024\/06\/1718743922652-768x686.jpg 768w, https:\/\/sw-gravurwerkstatt.de\/wp-content\/uploads\/2024\/06\/1718743922652.jpg 1080w\" sizes=\"(max-width: 1024px) 100vw, 1024px\" \/><\/figure>\n\n\n\n<figure class=\"wp-block-image size-large\"><img loading=\"lazy\" decoding=\"async\" width=\"1024\" height=\"965\" data-id=\"91\" src=\"http:\/\/sw-gravurwerkstatt.de\/wp-content\/uploads\/2024\/06\/1718743922699-1024x965.jpg\" alt=\"\" class=\"wp-image-91\" srcset=\"https:\/\/sw-gravurwerkstatt.de\/wp-content\/uploads\/2024\/06\/1718743922699-1024x965.jpg 1024w, https:\/\/sw-gravurwerkstatt.de\/wp-content\/uploads\/2024\/06\/1718743922699-600x566.jpg 600w, https:\/\/sw-gravurwerkstatt.de\/wp-content\/uploads\/2024\/06\/1718743922699-300x283.jpg 300w, https:\/\/sw-gravurwerkstatt.de\/wp-content\/uploads\/2024\/06\/1718743922699-768x724.jpg 768w, https:\/\/sw-gravurwerkstatt.de\/wp-content\/uploads\/2024\/06\/1718743922699-1536x1448.jpg 1536w, https:\/\/sw-gravurwerkstatt.de\/wp-content\/uploads\/2024\/06\/1718743922699.jpg 1888w\" sizes=\"(max-width: 1024px) 100vw, 1024px\" \/><\/figure>\n<\/figure>\n\n\n\n<h2 class=\"wp-block-heading\">Gravierte Fliesen 14.07.2024<\/h2>\n\n\n\n<figure class=\"wp-block-image size-large\"><img loading=\"lazy\" decoding=\"async\" width=\"1024\" height=\"355\" src=\"https:\/\/sw-gravurwerkstatt.de\/wp-content\/uploads\/2024\/07\/Fliesen_Happy_Wife-1024x355.jpg\" alt=\"\" class=\"wp-image-194\" srcset=\"https:\/\/sw-gravurwerkstatt.de\/wp-content\/uploads\/2024\/07\/Fliesen_Happy_Wife-1024x355.jpg 1024w, https:\/\/sw-gravurwerkstatt.de\/wp-content\/uploads\/2024\/07\/Fliesen_Happy_Wife-300x104.jpg 300w, https:\/\/sw-gravurwerkstatt.de\/wp-content\/uploads\/2024\/07\/Fliesen_Happy_Wife-768x267.jpg 768w, https:\/\/sw-gravurwerkstatt.de\/wp-content\/uploads\/2024\/07\/Fliesen_Happy_Wife-1536x533.jpg 1536w, https:\/\/sw-gravurwerkstatt.de\/wp-content\/uploads\/2024\/07\/Fliesen_Happy_Wife-600x208.jpg 600w, https:\/\/sw-gravurwerkstatt.de\/wp-content\/uploads\/2024\/07\/Fliesen_Happy_Wife.jpg 1599w\" sizes=\"(max-width: 1024px) 100vw, 1024px\" \/><figcaption class=\"wp-element-caption\">14.07.2024 &#8211; 150x150mm weiss-gl\u00e4nzende Fliesen<\/figcaption><\/figure>\n\n\n\n<figure class=\"wp-block-gallery has-nested-images columns-default is-cropped wp-block-gallery-3 is-layout-flex wp-block-gallery-is-layout-flex\">\n<figure class=\"wp-block-image size-large\"><img loading=\"lazy\" decoding=\"async\" width=\"1024\" height=\"768\" data-id=\"339\" src=\"https:\/\/sw-gravurwerkstatt.de\/wp-content\/uploads\/2025\/02\/WhatsApp-Bild-2025-02-09-um-16.41.30_f140d3a0-1024x768.jpg\" alt=\"\" class=\"wp-image-339\" title=\"\" srcset=\"https:\/\/sw-gravurwerkstatt.de\/wp-content\/uploads\/2025\/02\/WhatsApp-Bild-2025-02-09-um-16.41.30_f140d3a0-1024x768.jpg 1024w, https:\/\/sw-gravurwerkstatt.de\/wp-content\/uploads\/2025\/02\/WhatsApp-Bild-2025-02-09-um-16.41.30_f140d3a0-300x225.jpg 300w, https:\/\/sw-gravurwerkstatt.de\/wp-content\/uploads\/2025\/02\/WhatsApp-Bild-2025-02-09-um-16.41.30_f140d3a0-768x576.jpg 768w, https:\/\/sw-gravurwerkstatt.de\/wp-content\/uploads\/2025\/02\/WhatsApp-Bild-2025-02-09-um-16.41.30_f140d3a0-1536x1152.jpg 1536w, https:\/\/sw-gravurwerkstatt.de\/wp-content\/uploads\/2025\/02\/WhatsApp-Bild-2025-02-09-um-16.41.30_f140d3a0.jpg 2048w\" sizes=\"(max-width: 1024px) 100vw, 1024px\" \/><figcaption class=\"wp-element-caption\">Heimathaus Wettringen auf weissglasierte Fliese<\/figcaption><\/figure>\n\n\n\n<figure class=\"wp-block-image size-large\"><img loading=\"lazy\" decoding=\"async\" width=\"1024\" height=\"768\" data-id=\"338\" src=\"https:\/\/sw-gravurwerkstatt.de\/wp-content\/uploads\/2025\/02\/WhatsApp-Bild-2025-02-09-um-16.41.29_edd97e35-1024x768.jpg\" alt=\"\" class=\"wp-image-338\" srcset=\"https:\/\/sw-gravurwerkstatt.de\/wp-content\/uploads\/2025\/02\/WhatsApp-Bild-2025-02-09-um-16.41.29_edd97e35-1024x768.jpg 1024w, https:\/\/sw-gravurwerkstatt.de\/wp-content\/uploads\/2025\/02\/WhatsApp-Bild-2025-02-09-um-16.41.29_edd97e35-300x225.jpg 300w, https:\/\/sw-gravurwerkstatt.de\/wp-content\/uploads\/2025\/02\/WhatsApp-Bild-2025-02-09-um-16.41.29_edd97e35-768x576.jpg 768w, https:\/\/sw-gravurwerkstatt.de\/wp-content\/uploads\/2025\/02\/WhatsApp-Bild-2025-02-09-um-16.41.29_edd97e35-1536x1152.jpg 1536w, https:\/\/sw-gravurwerkstatt.de\/wp-content\/uploads\/2025\/02\/WhatsApp-Bild-2025-02-09-um-16.41.29_edd97e35.jpg 2048w\" sizes=\"(max-width: 1024px) 100vw, 1024px\" \/><figcaption class=\"wp-element-caption\">Villa Rothenberge &#8211; Wettringen aus weissglasierte Fliese<\/figcaption><\/figure>\n<\/figure>\n\n\n\n<figure class=\"wp-block-gallery aligncenter has-nested-images columns-default is-cropped wp-block-gallery-4 is-layout-flex wp-block-gallery-is-layout-flex\">\n<figure class=\"wp-block-image size-large\"><img loading=\"lazy\" decoding=\"async\" width=\"1024\" height=\"768\" data-id=\"332\" src=\"https:\/\/sw-gravurwerkstatt.de\/wp-content\/uploads\/2025\/02\/Klingelschild_FM_roh-1024x768.jpg\" alt=\"\" class=\"wp-image-332\" srcset=\"https:\/\/sw-gravurwerkstatt.de\/wp-content\/uploads\/2025\/02\/Klingelschild_FM_roh-1024x768.jpg 1024w, https:\/\/sw-gravurwerkstatt.de\/wp-content\/uploads\/2025\/02\/Klingelschild_FM_roh-300x225.jpg 300w, https:\/\/sw-gravurwerkstatt.de\/wp-content\/uploads\/2025\/02\/Klingelschild_FM_roh-768x576.jpg 768w, https:\/\/sw-gravurwerkstatt.de\/wp-content\/uploads\/2025\/02\/Klingelschild_FM_roh-1536x1152.jpg 1536w, https:\/\/sw-gravurwerkstatt.de\/wp-content\/uploads\/2025\/02\/Klingelschild_FM_roh.jpg 2048w\" sizes=\"(max-width: 1024px) 100vw, 1024px\" \/><\/figure>\n\n\n\n<figure class=\"wp-block-image size-large\"><img loading=\"lazy\" decoding=\"async\" width=\"1024\" height=\"704\" data-id=\"331\" src=\"https:\/\/sw-gravurwerkstatt.de\/wp-content\/uploads\/2025\/02\/Klingelschild_FM_montiert-1024x704.jpg\" alt=\"\" class=\"wp-image-331\" srcset=\"https:\/\/sw-gravurwerkstatt.de\/wp-content\/uploads\/2025\/02\/Klingelschild_FM_montiert-1024x704.jpg 1024w, https:\/\/sw-gravurwerkstatt.de\/wp-content\/uploads\/2025\/02\/Klingelschild_FM_montiert-300x206.jpg 300w, https:\/\/sw-gravurwerkstatt.de\/wp-content\/uploads\/2025\/02\/Klingelschild_FM_montiert-768x528.jpg 768w, https:\/\/sw-gravurwerkstatt.de\/wp-content\/uploads\/2025\/02\/Klingelschild_FM_montiert-1536x1056.jpg 1536w, https:\/\/sw-gravurwerkstatt.de\/wp-content\/uploads\/2025\/02\/Klingelschild_FM_montiert.jpg 1811w\" sizes=\"(max-width: 1024px) 100vw, 1024px\" \/><\/figure>\n<figcaption class=\"blocks-gallery-caption wp-element-caption\">Klingelschild f\u00fcr bzw. mit Eufy-Videot\u00fcrklingel &#8211; Pulverbeschichtetes Alublech nachtr\u00e4glich graviert<\/figcaption><\/figure>\n\n\n\n<p><\/p>\n","protected":false},"excerpt":{"rendered":"<p>Gravierte Fliesen 14.07.2024<\/p>\n","protected":false},"author":1,"featured_media":0,"parent":227,"menu_order":0,"comment_status":"closed","ping_status":"closed","template":"","meta":{"footnotes":""},"class_list":["post-75","page","type-page","status-publish","hentry"],"yoast_head":"<!-- This site is optimized with the Yoast SEO plugin v25.6 - https:\/\/yoast.com\/wordpress\/plugins\/seo\/ -->\n<title>sonstige Lasergravuren - individuelle Gravurarbeiten - Wettringen NRW<\/title>\n<meta name=\"robots\" content=\"index, follow, max-snippet:-1, max-image-preview:large, max-video-preview:-1\" \/>\n<link rel=\"canonical\" href=\"https:\/\/sw-gravurwerkstatt.de\/?page_id=75\" \/>\n<meta property=\"og:locale\" content=\"de_DE\" \/>\n<meta property=\"og:type\" content=\"article\" \/>\n<meta property=\"og:title\" content=\"sonstige Lasergravuren - individuelle Gravurarbeiten - Wettringen NRW\" \/>\n<meta property=\"og:description\" content=\"Gravierte Fliesen 14.07.2024\" \/>\n<meta property=\"og:url\" content=\"https:\/\/sw-gravurwerkstatt.de\/?page_id=75\" \/>\n<meta property=\"og:site_name\" content=\"individuelle Gravurarbeiten - Wettringen NRW\" \/>\n<meta property=\"article:modified_time\" content=\"2025-02-12T16:10:03+00:00\" \/>\n<meta property=\"og:image\" content=\"https:\/\/sw-gravurwerkstatt.de\/wp-content\/uploads\/2024\/06\/1718743922720-scaled-e1718744123388.jpg\" \/>\n\t<meta property=\"og:image:width\" content=\"2274\" \/>\n\t<meta property=\"og:image:height\" content=\"1587\" \/>\n\t<meta property=\"og:image:type\" content=\"image\/jpeg\" \/>\n<meta name=\"twitter:card\" content=\"summary_large_image\" \/>\n<meta name=\"twitter:label1\" content=\"Gesch\u00e4tzte Lesezeit\" \/>\n\t<meta name=\"twitter:data1\" content=\"3 Minuten\" \/>\n<script type=\"application\/ld+json\" class=\"yoast-schema-graph\">{\"@context\":\"https:\/\/schema.org\",\"@graph\":[{\"@type\":\"WebPage\",\"@id\":\"https:\/\/sw-gravurwerkstatt.de\/?page_id=75\",\"url\":\"https:\/\/sw-gravurwerkstatt.de\/?page_id=75\",\"name\":\"sonstige Lasergravuren - individuelle Gravurarbeiten - Wettringen NRW\",\"isPartOf\":{\"@id\":\"https:\/\/sw-gravurwerkstatt.de\/#website\"},\"primaryImageOfPage\":{\"@id\":\"https:\/\/sw-gravurwerkstatt.de\/?page_id=75#primaryimage\"},\"image\":{\"@id\":\"https:\/\/sw-gravurwerkstatt.de\/?page_id=75#primaryimage\"},\"thumbnailUrl\":\"http:\/\/sw-gravurwerkstatt.de\/wp-content\/uploads\/2024\/06\/1718743922720-scaled-e1718744123388-1024x715.jpg\",\"datePublished\":\"2024-06-18T20:26:41+00:00\",\"dateModified\":\"2025-02-12T16:10:03+00:00\",\"breadcrumb\":{\"@id\":\"https:\/\/sw-gravurwerkstatt.de\/?page_id=75#breadcrumb\"},\"inLanguage\":\"de-DE\",\"potentialAction\":[{\"@type\":\"ReadAction\",\"target\":[\"https:\/\/sw-gravurwerkstatt.de\/?page_id=75\"]}]},{\"@type\":\"ImageObject\",\"inLanguage\":\"de-DE\",\"@id\":\"https:\/\/sw-gravurwerkstatt.de\/?page_id=75#primaryimage\",\"url\":\"https:\/\/sw-gravurwerkstatt.de\/wp-content\/uploads\/2024\/06\/1718743922720-scaled-e1718744123388.jpg\",\"contentUrl\":\"https:\/\/sw-gravurwerkstatt.de\/wp-content\/uploads\/2024\/06\/1718743922720-scaled-e1718744123388.jpg\",\"width\":2274,\"height\":1587},{\"@type\":\"BreadcrumbList\",\"@id\":\"https:\/\/sw-gravurwerkstatt.de\/?page_id=75#breadcrumb\",\"itemListElement\":[{\"@type\":\"ListItem\",\"position\":1,\"name\":\"Startseite\",\"item\":\"https:\/\/sw-gravurwerkstatt.de\/\"},{\"@type\":\"ListItem\",\"position\":2,\"name\":\"Lasergravuren\",\"item\":\"https:\/\/sw-gravurwerkstatt.de\/?page_id=227\"},{\"@type\":\"ListItem\",\"position\":3,\"name\":\"sonstige Lasergravuren\"}]},{\"@type\":\"WebSite\",\"@id\":\"https:\/\/sw-gravurwerkstatt.de\/#website\",\"url\":\"https:\/\/sw-gravurwerkstatt.de\/\",\"name\":\"individuelle Gravurarbeiten - Wettringen NRW\",\"description\":\"hier kann der Untertitel stehen\",\"publisher\":{\"@id\":\"https:\/\/sw-gravurwerkstatt.de\/#organization\"},\"potentialAction\":[{\"@type\":\"SearchAction\",\"target\":{\"@type\":\"EntryPoint\",\"urlTemplate\":\"https:\/\/sw-gravurwerkstatt.de\/?s={search_term_string}\"},\"query-input\":{\"@type\":\"PropertyValueSpecification\",\"valueRequired\":true,\"valueName\":\"search_term_string\"}}],\"inLanguage\":\"de-DE\"},{\"@type\":\"Organization\",\"@id\":\"https:\/\/sw-gravurwerkstatt.de\/#organization\",\"name\":\"individuelle Gravurarbeiten - Wettringen NRW\",\"url\":\"https:\/\/sw-gravurwerkstatt.de\/\",\"logo\":{\"@type\":\"ImageObject\",\"inLanguage\":\"de-DE\",\"@id\":\"https:\/\/sw-gravurwerkstatt.de\/#\/schema\/logo\/image\/\",\"url\":\"https:\/\/sw-gravurwerkstatt.de\/wp-content\/uploads\/2024\/07\/cropped-SW-Gravurwerkstatt_HP-Logo_klein.png\",\"contentUrl\":\"https:\/\/sw-gravurwerkstatt.de\/wp-content\/uploads\/2024\/07\/cropped-SW-Gravurwerkstatt_HP-Logo_klein.png\",\"width\":185,\"height\":70,\"caption\":\"individuelle Gravurarbeiten - Wettringen NRW\"},\"image\":{\"@id\":\"https:\/\/sw-gravurwerkstatt.de\/#\/schema\/logo\/image\/\"}}]}<\/script>\n<!-- \/ Yoast SEO plugin. -->","yoast_head_json":{"title":"sonstige Lasergravuren - individuelle Gravurarbeiten - Wettringen NRW","robots":{"index":"index","follow":"follow","max-snippet":"max-snippet:-1","max-image-preview":"max-image-preview:large","max-video-preview":"max-video-preview:-1"},"canonical":"https:\/\/sw-gravurwerkstatt.de\/?page_id=75","og_locale":"de_DE","og_type":"article","og_title":"sonstige Lasergravuren - individuelle Gravurarbeiten - Wettringen NRW","og_description":"Gravierte Fliesen 14.07.2024","og_url":"https:\/\/sw-gravurwerkstatt.de\/?page_id=75","og_site_name":"individuelle Gravurarbeiten - Wettringen NRW","article_modified_time":"2025-02-12T16:10:03+00:00","og_image":[{"width":2274,"height":1587,"url":"https:\/\/sw-gravurwerkstatt.de\/wp-content\/uploads\/2024\/06\/1718743922720-scaled-e1718744123388.jpg","type":"image\/jpeg"}],"twitter_card":"summary_large_image","twitter_misc":{"Gesch\u00e4tzte Lesezeit":"3 Minuten"},"schema":{"@context":"https:\/\/schema.org","@graph":[{"@type":"WebPage","@id":"https:\/\/sw-gravurwerkstatt.de\/?page_id=75","url":"https:\/\/sw-gravurwerkstatt.de\/?page_id=75","name":"sonstige Lasergravuren - individuelle Gravurarbeiten - Wettringen NRW","isPartOf":{"@id":"https:\/\/sw-gravurwerkstatt.de\/#website"},"primaryImageOfPage":{"@id":"https:\/\/sw-gravurwerkstatt.de\/?page_id=75#primaryimage"},"image":{"@id":"https:\/\/sw-gravurwerkstatt.de\/?page_id=75#primaryimage"},"thumbnailUrl":"http:\/\/sw-gravurwerkstatt.de\/wp-content\/uploads\/2024\/06\/1718743922720-scaled-e1718744123388-1024x715.jpg","datePublished":"2024-06-18T20:26:41+00:00","dateModified":"2025-02-12T16:10:03+00:00","breadcrumb":{"@id":"https:\/\/sw-gravurwerkstatt.de\/?page_id=75#breadcrumb"},"inLanguage":"de-DE","potentialAction":[{"@type":"ReadAction","target":["https:\/\/sw-gravurwerkstatt.de\/?page_id=75"]}]},{"@type":"ImageObject","inLanguage":"de-DE","@id":"https:\/\/sw-gravurwerkstatt.de\/?page_id=75#primaryimage","url":"https:\/\/sw-gravurwerkstatt.de\/wp-content\/uploads\/2024\/06\/1718743922720-scaled-e1718744123388.jpg","contentUrl":"https:\/\/sw-gravurwerkstatt.de\/wp-content\/uploads\/2024\/06\/1718743922720-scaled-e1718744123388.jpg","width":2274,"height":1587},{"@type":"BreadcrumbList","@id":"https:\/\/sw-gravurwerkstatt.de\/?page_id=75#breadcrumb","itemListElement":[{"@type":"ListItem","position":1,"name":"Startseite","item":"https:\/\/sw-gravurwerkstatt.de\/"},{"@type":"ListItem","position":2,"name":"Lasergravuren","item":"https:\/\/sw-gravurwerkstatt.de\/?page_id=227"},{"@type":"ListItem","position":3,"name":"sonstige Lasergravuren"}]},{"@type":"WebSite","@id":"https:\/\/sw-gravurwerkstatt.de\/#website","url":"https:\/\/sw-gravurwerkstatt.de\/","name":"individuelle Gravurarbeiten - Wettringen NRW","description":"hier kann der Untertitel stehen","publisher":{"@id":"https:\/\/sw-gravurwerkstatt.de\/#organization"},"potentialAction":[{"@type":"SearchAction","target":{"@type":"EntryPoint","urlTemplate":"https:\/\/sw-gravurwerkstatt.de\/?s={search_term_string}"},"query-input":{"@type":"PropertyValueSpecification","valueRequired":true,"valueName":"search_term_string"}}],"inLanguage":"de-DE"},{"@type":"Organization","@id":"https:\/\/sw-gravurwerkstatt.de\/#organization","name":"individuelle Gravurarbeiten - Wettringen NRW","url":"https:\/\/sw-gravurwerkstatt.de\/","logo":{"@type":"ImageObject","inLanguage":"de-DE","@id":"https:\/\/sw-gravurwerkstatt.de\/#\/schema\/logo\/image\/","url":"https:\/\/sw-gravurwerkstatt.de\/wp-content\/uploads\/2024\/07\/cropped-SW-Gravurwerkstatt_HP-Logo_klein.png","contentUrl":"https:\/\/sw-gravurwerkstatt.de\/wp-content\/uploads\/2024\/07\/cropped-SW-Gravurwerkstatt_HP-Logo_klein.png","width":185,"height":70,"caption":"individuelle Gravurarbeiten - Wettringen NRW"},"image":{"@id":"https:\/\/sw-gravurwerkstatt.de\/#\/schema\/logo\/image\/"}}]}},"_links":{"self":[{"href":"https:\/\/sw-gravurwerkstatt.de\/index.php?rest_route=\/wp\/v2\/pages\/75"}],"collection":[{"href":"https:\/\/sw-gravurwerkstatt.de\/index.php?rest_route=\/wp\/v2\/pages"}],"about":[{"href":"https:\/\/sw-gravurwerkstatt.de\/index.php?rest_route=\/wp\/v2\/types\/page"}],"author":[{"embeddable":true,"href":"https:\/\/sw-gravurwerkstatt.de\/index.php?rest_route=\/wp\/v2\/users\/1"}],"replies":[{"embeddable":true,"href":"https:\/\/sw-gravurwerkstatt.de\/index.php?rest_route=%2Fwp%2Fv2%2Fcomments&post=75"}],"version-history":[{"count":12,"href":"https:\/\/sw-gravurwerkstatt.de\/index.php?rest_route=\/wp\/v2\/pages\/75\/revisions"}],"predecessor-version":[{"id":353,"href":"https:\/\/sw-gravurwerkstatt.de\/index.php?rest_route=\/wp\/v2\/pages\/75\/revisions\/353"}],"up":[{"embeddable":true,"href":"https:\/\/sw-gravurwerkstatt.de\/index.php?rest_route=\/wp\/v2\/pages\/227"}],"wp:attachment":[{"href":"https:\/\/sw-gravurwerkstatt.de\/index.php?rest_route=%2Fwp%2Fv2%2Fmedia&parent=75"}],"curies":[{"name":"wp","href":"https:\/\/api.w.org\/{rel}","templated":true}]}}